{"id":200,"date":"2024-02-14T00:00:00","date_gmt":"2024-02-14T00:00:00","guid":{"rendered":"https:\/\/westcar.eu\/sample-page\/"},"modified":"2024-04-08T16:55:35","modified_gmt":"2024-04-08T16:55:35","slug":"about","status":"publish","type":"page","link":"https:\/\/westcar.eu\/en\/about\/","title":{"rendered":"Meist"},"content":{"rendered":"<div data-elementor-type=\"wp-page\" data-elementor-id=\"200\" class=\"elementor elementor-200\">\n\t\t\t\t<div class=\"elementor-element elementor-element-27c60378 e-flex e-con-boxed e-con e-parent\" data-id=\"27c60378\" data-element_type=\"container\" data-settings=\"{&quot;_ob_use_container_extras&quot;:&quot;no&quot;,&quot;_ob_column_hoveranimator&quot;:&quot;no&quot;,&quot;_ob_glider_is_slider&quot;:&quot;no&quot;,&quot;_ob_column_has_pseudo&quot;:&quot;no&quot;}\" data-core-v316-plus=\"true\">\n\t\t\t\t\t<div class=\"e-con-inner\">\n\t\t\t\t<div class=\"elementor-element elementor-element-298983bb ob-harakiri-inherit ob-has-background-overlay elementor-widget elementor-widget-heading\" data-id=\"298983bb\" data-element_type=\"widget\" data-settings=\"{&quot;_ob_use_harakiri&quot;:&quot;yes&quot;,&quot;_ob_harakiri_writing_mode&quot;:&quot;inherit&quot;,&quot;_ob_harakiri_text_clip&quot;:&quot;none&quot;,&quot;_ob_perspektive_use&quot;:&quot;no&quot;,&quot;_ob_poopart_use&quot;:&quot;yes&quot;,&quot;_ob_shadough_use&quot;:&quot;no&quot;,&quot;_ob_allow_hoveranimator&quot;:&quot;no&quot;,&quot;_ob_widget_stalker_use&quot;:&quot;no&quot;}\" data-widget_type=\"heading.default\">\n\t\t\t\t<div class=\"elementor-widget-container\">\n\t\t\t<style>\/*! elementor - v3.20.0 - 26-03-2024 *\/\n.elementor-heading-title{padding:0;margin:0;line-height:1}.elementor-widget-heading .elementor-heading-title[class*=elementor-size-]>a{color:inherit;font-size:inherit;line-height:inherit}.elementor-widget-heading .elementor-heading-title.elementor-size-small{font-size:15px}.elementor-widget-heading .elementor-heading-title.elementor-size-medium{font-size:19px}.elementor-widget-heading .elementor-heading-title.elementor-size-large{font-size:29px}.elementor-widget-heading .elementor-heading-title.elementor-size-xl{font-size:39px}.elementor-widget-heading .elementor-heading-title.elementor-size-xxl{font-size:59px}<\/style><h2 class=\"elementor-heading-title elementor-size-default\">West Car O\u00dc<\/h2>\t\t<\/div>\n\t\t\t\t<\/div>\n\t\t\t\t\t<\/div>\n\t\t\t\t<\/div>\n\t\t<div class=\"ep-section-eql-height elementor-element elementor-element-4c9eed48 e-con-full bdt-backdrop-filter-yes e-flex e-con e-parent\" bdt-height-match=\"target: .ep-section-eql-height .elementor-widget-wrap .elementor-widget &gt; .elementor-widget-container\" data-id=\"4c9eed48\" data-element_type=\"container\" data-settings=\"{&quot;background_background&quot;:&quot;classic&quot;,&quot;_ob_column_hoveranimator&quot;:&quot;no&quot;,&quot;_ob_glider_is_slider&quot;:&quot;no&quot;,&quot;_ob_column_has_pseudo&quot;:&quot;no&quot;}\" data-core-v316-plus=\"true\">\n\t\t\t\t<div class=\"elementor-element elementor-element-5841ad56 ob-harakiri-inherit ob-has-background-overlay elementor-widget elementor-widget-text-editor\" data-id=\"5841ad56\" data-element_type=\"widget\" data-settings=\"{&quot;_ob_use_harakiri&quot;:&quot;yes&quot;,&quot;_ob_harakiri_writing_mode&quot;:&quot;inherit&quot;,&quot;_ob_postman_use&quot;:&quot;no&quot;,&quot;_ob_perspektive_use&quot;:&quot;no&quot;,&quot;_ob_poopart_use&quot;:&quot;yes&quot;,&quot;_ob_shadough_use&quot;:&quot;no&quot;,&quot;_ob_allow_hoveranimator&quot;:&quot;no&quot;,&quot;_ob_widget_stalker_use&quot;:&quot;no&quot;}\" data-widget_type=\"text-editor.default\">\n\t\t\t\t<div class=\"elementor-widget-container\">\n\t\t\t<style>\/*! elementor - v3.20.0 - 26-03-2024 *\/\n.elementor-widget-text-editor.elementor-drop-cap-view-stacked .elementor-drop-cap{background-color:#69727d;color:#fff}.elementor-widget-text-editor.elementor-drop-cap-view-framed .elementor-drop-cap{color:#69727d;border:3px solid;background-color:transparent}.elementor-widget-text-editor:not(.elementor-drop-cap-view-default) .elementor-drop-cap{margin-top:8px}.elementor-widget-text-editor:not(.elementor-drop-cap-view-default) .elementor-drop-cap-letter{width:1em;height:1em}.elementor-widget-text-editor .elementor-drop-cap{float:left;text-align:center;line-height:1;font-size:50px}.elementor-widget-text-editor .elementor-drop-cap-letter{display:inline-block}<\/style>\t\t\t\t<p><span style=\"white-space-collapse: preserve;\">West Car O\u00dc asutati 2000 a. hooldus-remondi, s\u0151idukite avariij\u00e4rgse taastus-remondi ettev\u00f5ttena.<br \/><br \/>Autoavarii juhtub alati ootamatult ning kes ei tahaks, et tema auto saaks remonditud kiiresti ja kvaliteetselt. West Car O\u00dc teeb koost\u00f6\u00f6d k\u00f5ikide kindlustusseltside ja paljude autoesindustega.<br \/><br \/>Meie igap\u00e4evat\u00f6\u00f6 alustalaks on ennek\u00f5ike klientide rahulolu. M\u00f5istame, et kiire elutempo juures on keeruline olla ilma oma igap\u00e4evase s\u00f5idukita.<br \/><br \/>Remontt\u00f6\u00f6de kiirus ja tasuta asendusauto v\u00f5imalus aitab v\u00e4\u00e4rtustada meie klientide aega.<br \/><br \/>Lisaks k\u0151ikide s\u0151idukimarkide avariitaastusremondile (kaasa arvatud veoautod, kaubikud), tegeleme ka klaaside ning muude detailide vahetuse ja remondiga (klaaskiudstanged, veljed jne.)<br \/><br \/>Plekit\u00f6\u00f6kojas omame kahte kerevenituspinki millest \u00fcks (Autorobot B20 Super koos elektroonilise m\u0151\u0151teseadmega) v\u0151imaldab venitada ka t\u00e4israamiga s\u0151idukeid (maasturid, USA mahtuniversaalid jne.)<br \/><br \/>Me oskame ja tahame olla Teile abiks.<br \/><br \/>Kui Teil peaks juhtuma oma s\u00f5idukiga kahju, siis v\u00f5tke meiega \u00fchendust, meie aitame Teid.<br \/><br \/>Lugupidamisega<br \/><br \/>West Car O\u00dc<\/span><\/p>\t\t\t\t\t\t<\/div>\n\t\t\t\t<\/div>\n\t\t\t\t<\/div>\n\t\t<div class=\"elementor-element elementor-element-591e529d e-con-full elementor-hidden-desktop elementor-hidden-tablet elementor-hidden-mobile e-flex ob-is-glider e-con e-parent\" data-id=\"591e529d\" data-element_type=\"container\" data-settings=\"{&quot;_ob_glider_is_slider&quot;:&quot;yes&quot;,&quot;_ob_glider_h&quot;:{&quot;unit&quot;:&quot;px&quot;,&quot;size&quot;:530,&quot;sizes&quot;:[]},&quot;_ob_glider_nav_icon&quot;:{&quot;value&quot;:&quot;&quot;,&quot;library&quot;:&quot;&quot;},&quot;_ob_glider_autoplay&quot;:&quot;true&quot;,&quot;_ob_glider_h_tablet&quot;:{&quot;unit&quot;:&quot;px&quot;,&quot;size&quot;:379,&quot;sizes&quot;:[]},&quot;_ob_glider_h_mobile&quot;:{&quot;unit&quot;:&quot;px&quot;,&quot;size&quot;:304,&quot;sizes&quot;:[]},&quot;_ob_use_container_extras&quot;:&quot;no&quot;,&quot;_ob_column_hoveranimator&quot;:&quot;no&quot;,&quot;_ob_glider_loop&quot;:&quot;yes&quot;,&quot;_ob_glider_direction&quot;:&quot;horizontal&quot;,&quot;_ob_glider_effect&quot;:&quot;slide&quot;,&quot;_ob_glider_effect_easing&quot;:&quot;ease-in-out&quot;,&quot;_ob_glider_speed&quot;:450,&quot;_ob_glider_add_pagination&quot;:&quot;block&quot;,&quot;_ob_glider_allow_multi_slides&quot;:&quot;no&quot;,&quot;_ob_glider_parallax&quot;:&quot;yes&quot;,&quot;_ob_glider_allow_touch_move&quot;:&quot;yes&quot;,&quot;_ob_glider_allow_mousewheel&quot;:&quot;no&quot;,&quot;_ob_glider_roundlengths_slides&quot;:&quot;no&quot;,&quot;_ob_glider_autoplay_delay&quot;:3000,&quot;_ob_column_has_pseudo&quot;:&quot;no&quot;}\" data-core-v316-plus=\"true\">\n\t\t<div class=\"elementor-element elementor-element-e5d7239 e-flex e-con-boxed e-con e-child\" data-id=\"e5d7239\" data-element_type=\"container\" data-settings=\"{&quot;_ob_use_container_extras&quot;:&quot;no&quot;,&quot;_ob_column_hoveranimator&quot;:&quot;no&quot;,&quot;_ob_glider_is_slider&quot;:&quot;no&quot;,&quot;_ob_column_has_pseudo&quot;:&quot;no&quot;}\">\n\t\t\t\t\t<div class=\"e-con-inner\">\n\t\t\t\t<div class=\"elementor-element elementor-element-230fb2dd ob-has-background-overlay elementor-widget elementor-widget-image\" data-id=\"230fb2dd\" data-element_type=\"widget\" data-settings=\"{&quot;_ob_photomorph_use&quot;:&quot;no&quot;,&quot;_ob_perspektive_use&quot;:&quot;no&quot;,&quot;_ob_poopart_use&quot;:&quot;yes&quot;,&quot;_ob_shadough_use&quot;:&quot;no&quot;,&quot;_ob_allow_hoveranimator&quot;:&quot;no&quot;,&quot;_ob_widget_stalker_use&quot;:&quot;no&quot;}\" data-widget_type=\"image.default\">\n\t\t\t\t<div class=\"elementor-widget-container\">\n\t\t\t<style>\/*! elementor - v3.20.0 - 26-03-2024 *\/\n.elementor-widget-image{text-align:center}.elementor-widget-image a{display:inline-block}.elementor-widget-image a img[src$=\".svg\"]{width:48px}.elementor-widget-image img{vertical-align:middle;display:inline-block}<\/style>\t\t\t\t\t\t\t\t\t\t<img decoding=\"async\" src=\"https:\/\/westcar.eu\/wp-content\/plugins\/elementor\/assets\/images\/placeholder.png\" title=\"\" alt=\"\" loading=\"lazy\" \/>\t\t\t\t\t\t\t\t\t\t\t\t\t<\/div>\n\t\t\t\t<\/div>\n\t\t\t\t\t<\/div>\n\t\t\t\t<\/div>\n\t\t<div class=\"elementor-element elementor-element-fd1a67 e-flex e-con-boxed e-con e-child\" data-id=\"fd1a67\" data-element_type=\"container\" data-settings=\"{&quot;_ob_use_container_extras&quot;:&quot;no&quot;,&quot;_ob_column_hoveranimator&quot;:&quot;no&quot;,&quot;_ob_glider_is_slider&quot;:&quot;no&quot;,&quot;_ob_column_has_pseudo&quot;:&quot;no&quot;}\">\n\t\t\t\t\t<div class=\"e-con-inner\">\n\t\t\t\t<div class=\"elementor-element elementor-element-6488da38 ob-has-background-overlay elementor-widget elementor-widget-image\" data-id=\"6488da38\" data-element_type=\"widget\" data-settings=\"{&quot;_ob_photomorph_use&quot;:&quot;no&quot;,&quot;_ob_perspektive_use&quot;:&quot;no&quot;,&quot;_ob_poopart_use&quot;:&quot;yes&quot;,&quot;_ob_shadough_use&quot;:&quot;no&quot;,&quot;_ob_allow_hoveranimator&quot;:&quot;no&quot;,&quot;_ob_widget_stalker_use&quot;:&quot;no&quot;}\" data-widget_type=\"image.default\">\n\t\t\t\t<div class=\"elementor-widget-container\">\n\t\t\t\t\t\t\t\t\t\t\t\t\t<img decoding=\"async\" src=\"https:\/\/westcar.eu\/wp-content\/plugins\/elementor\/assets\/images\/placeholder.png\" title=\"\" alt=\"\" loading=\"lazy\" \/>\t\t\t\t\t\t\t\t\t\t\t\t\t<\/div>\n\t\t\t\t<\/div>\n\t\t\t\t\t<\/div>\n\t\t\t\t<\/div>\n\t\t<div class=\"elementor-element elementor-element-641e4384 e-flex e-con-boxed e-con e-child\" data-id=\"641e4384\" data-element_type=\"container\" data-settings=\"{&quot;_ob_use_container_extras&quot;:&quot;no&quot;,&quot;_ob_column_hoveranimator&quot;:&quot;no&quot;,&quot;_ob_glider_is_slider&quot;:&quot;no&quot;,&quot;_ob_column_has_pseudo&quot;:&quot;no&quot;}\">\n\t\t\t\t\t<div class=\"e-con-inner\">\n\t\t\t\t<div class=\"elementor-element elementor-element-2d73b7b4 ob-has-background-overlay elementor-widget elementor-widget-image\" data-id=\"2d73b7b4\" data-element_type=\"widget\" data-settings=\"{&quot;_ob_photomorph_use&quot;:&quot;no&quot;,&quot;_ob_perspektive_use&quot;:&quot;no&quot;,&quot;_ob_poopart_use&quot;:&quot;yes&quot;,&quot;_ob_shadough_use&quot;:&quot;no&quot;,&quot;_ob_allow_hoveranimator&quot;:&quot;no&quot;,&quot;_ob_widget_stalker_use&quot;:&quot;no&quot;}\" data-widget_type=\"image.default\">\n\t\t\t\t<div class=\"elementor-widget-container\">\n\t\t\t\t\t\t\t\t\t\t\t\t\t<img decoding=\"async\" src=\"https:\/\/westcar.eu\/wp-content\/plugins\/elementor\/assets\/images\/placeholder.png\" title=\"\" alt=\"\" loading=\"lazy\" \/>\t\t\t\t\t\t\t\t\t\t\t\t\t<\/div>\n\t\t\t\t<\/div>\n\t\t\t\t\t<\/div>\n\t\t\t\t<\/div>\n\t\t<div class=\"elementor-element elementor-element-739a0d44 e-flex e-con-boxed e-con e-child\" data-id=\"739a0d44\" data-element_type=\"container\" data-settings=\"{&quot;_ob_use_container_extras&quot;:&quot;no&quot;,&quot;_ob_column_hoveranimator&quot;:&quot;no&quot;,&quot;_ob_glider_is_slider&quot;:&quot;no&quot;,&quot;_ob_column_has_pseudo&quot;:&quot;no&quot;}\">\n\t\t\t\t\t<div class=\"e-con-inner\">\n\t\t\t\t<div class=\"elementor-element elementor-element-3c407ef7 ob-has-background-overlay elementor-widget elementor-widget-image\" data-id=\"3c407ef7\" data-element_type=\"widget\" data-settings=\"{&quot;_ob_photomorph_use&quot;:&quot;no&quot;,&quot;_ob_perspektive_use&quot;:&quot;no&quot;,&quot;_ob_poopart_use&quot;:&quot;yes&quot;,&quot;_ob_shadough_use&quot;:&quot;no&quot;,&quot;_ob_allow_hoveranimator&quot;:&quot;no&quot;,&quot;_ob_widget_stalker_use&quot;:&quot;no&quot;}\" data-widget_type=\"image.default\">\n\t\t\t\t<div class=\"elementor-widget-container\">\n\t\t\t\t\t\t\t\t\t\t\t\t\t<img fetchpriority=\"high\" decoding=\"async\" width=\"640\" height=\"480\" src=\"https:\/\/westcar.eu\/wp-content\/uploads\/2024\/04\/keretoo-1.jpg\" class=\"attachment-full size-full wp-image-242\" alt=\"\" srcset=\"https:\/\/westcar.eu\/wp-content\/uploads\/2024\/04\/keretoo-1.jpg 640w, https:\/\/westcar.eu\/wp-content\/uploads\/2024\/04\/keretoo-1-300x225.jpg 300w\" sizes=\"(max-width: 640px) 100vw, 640px\" \/>\t\t\t\t\t\t\t\t\t\t\t\t\t<\/div>\n\t\t\t\t<\/div>\n\t\t\t\t\t<\/div>\n\t\t\t\t<\/div>\n\t\t\t\t<\/div>\n\t\t<div class=\"elementor-element elementor-element-88b04b0 e-flex e-con-boxed e-con e-parent\" data-id=\"88b04b0\" data-element_type=\"container\" data-settings=\"{&quot;_ob_use_container_extras&quot;:&quot;no&quot;,&quot;_ob_column_hoveranimator&quot;:&quot;no&quot;,&quot;_ob_glider_is_slider&quot;:&quot;no&quot;,&quot;_ob_column_has_pseudo&quot;:&quot;no&quot;}\" data-core-v316-plus=\"true\">\n\t\t\t\t\t<div class=\"e-con-inner\">\n\t\t\t\t\t<\/div>\n\t\t\t\t<\/div>\n\t\t\t\t<\/div>","protected":false},"excerpt":{"rendered":"<p>West Car O\u00dc West Car O\u00dc asutati 2000 a. hooldus-remondi, s\u0151idukite avariij\u00e4rgse taastus-remondi ettev\u00f5ttena. Autoavarii juhtub alati ootamatult ning kes ei tahaks, et tema auto saaks remonditud kiiresti ja kvaliteetselt. West Car O\u00dc teeb koost\u00f6\u00f6d k\u00f5ikide kindlustusseltside ja paljude autoesindustega. Meie igap\u00e4evat\u00f6\u00f6 alustalaks on ennek\u00f5ike klientide rahulolu. M\u00f5istame, et kiire elutempo juures on keeruline olla [&hellip;]<\/p>","protected":false},"author":1,"featured_media":0,"parent":0,"menu_order":0,"comment_status":"closed","ping_status":"closed","template":"","meta":{"footnotes":""},"class_list":["post-200","page","type-page","status-publish","hentry"],"yoast_head":"<!-- This site is optimized with the Yoast SEO plugin v22.4 - https:\/\/yoast.com\/wordpress\/plugins\/seo\/ -->\n<title>West Car O\u00dc - Meist<\/title>\n<meta name=\"description\" content=\"West Car O\u00dc asutati 2000 a. hooldus-remondi, s\u0151idukite avariij\u00e4rgse taastus-remondi ettev\u00f5ttena.Autoavarii juhtub alati ootamatult ning kes ei tahaks, et tema auto saaks remonditud kiiresti ja kvaliteetselt. West Car O\u00dc teeb koost\u00f6\u00f6d k\u00f5ikide kindlustusseltside ja paljude autoesindustega.\" \/>\n<meta name=\"robots\" content=\"index, follow, max-snippet:-1, max-image-preview:large, max-video-preview:-1\" \/>\n<link rel=\"canonical\" href=\"https:\/\/westcar.eu\/en\/about\/\" \/>\n<meta property=\"og:locale\" content=\"en_US\" \/>\n<meta property=\"og:type\" content=\"article\" \/>\n<meta property=\"og:title\" content=\"West Car O\u00dc - Meist\" \/>\n<meta property=\"og:description\" content=\"West Car O\u00dc asutati 2000 a. hooldus-remondi, s\u0151idukite avariij\u00e4rgse taastus-remondi ettev\u00f5ttena.Autoavarii juhtub alati ootamatult ning kes ei tahaks, et tema auto saaks remonditud kiiresti ja kvaliteetselt. West Car O\u00dc teeb koost\u00f6\u00f6d k\u00f5ikide kindlustusseltside ja paljude autoesindustega.\" \/>\n<meta property=\"og:url\" content=\"https:\/\/westcar.eu\/en\/about\/\" \/>\n<meta property=\"og:site_name\" content=\"West Car O\u00dc\" \/>\n<meta property=\"article:publisher\" content=\"https:\/\/www.facebook.com\/p\/West-Car-O-100054377117355\/?paipv=0&amp;eav=AfbjJMCjg8zI7Ayik29Nd6ZGUqjYuOvKhpin28o4aLfLzVg9e16vihRkz8Z6nEXEd-I&amp;_rdr\" \/>\n<meta property=\"article:modified_time\" content=\"2024-04-08T16:55:35+00:00\" \/>\n<meta property=\"og:image\" content=\"https:\/\/westcar.eu\/wp-content\/plugins\/elementor\/assets\/images\/placeholder.png\" \/>\n<meta name=\"twitter:card\" content=\"summary_large_image\" \/>\n<meta name=\"twitter:label1\" content=\"Est. reading time\" \/>\n\t<meta name=\"twitter:data1\" content=\"2 minutes\" \/>\n<script type=\"application\/ld+json\" class=\"yoast-schema-graph\">{\"@context\":\"https:\/\/schema.org\",\"@graph\":[{\"@type\":\"WebPage\",\"@id\":\"https:\/\/westcar.eu\/about\/\",\"url\":\"https:\/\/westcar.eu\/about\/\",\"name\":\"West Car O\u00dc - Meist\",\"isPartOf\":{\"@id\":\"https:\/\/westcar.eu\/#website\"},\"primaryImageOfPage\":{\"@id\":\"https:\/\/westcar.eu\/about\/#primaryimage\"},\"image\":{\"@id\":\"https:\/\/westcar.eu\/about\/#primaryimage\"},\"thumbnailUrl\":\"https:\/\/westcar.eu\/wp-content\/plugins\/elementor\/assets\/images\/placeholder.png\",\"datePublished\":\"2024-02-14T00:00:00+00:00\",\"dateModified\":\"2024-04-08T16:55:35+00:00\",\"description\":\"West Car O\u00dc asutati 2000 a. hooldus-remondi, s\u0151idukite avariij\u00e4rgse taastus-remondi ettev\u00f5ttena.Autoavarii juhtub alati ootamatult ning kes ei tahaks, et tema auto saaks remonditud kiiresti ja kvaliteetselt. West Car O\u00dc teeb koost\u00f6\u00f6d k\u00f5ikide kindlustusseltside ja paljude autoesindustega.\",\"breadcrumb\":{\"@id\":\"https:\/\/westcar.eu\/about\/#breadcrumb\"},\"inLanguage\":\"en-US\",\"potentialAction\":[{\"@type\":\"ReadAction\",\"target\":[\"https:\/\/westcar.eu\/about\/\"]}]},{\"@type\":\"ImageObject\",\"inLanguage\":\"en-US\",\"@id\":\"https:\/\/westcar.eu\/about\/#primaryimage\",\"url\":\"https:\/\/westcar.eu\/wp-content\/plugins\/elementor\/assets\/images\/placeholder.png\",\"contentUrl\":\"https:\/\/westcar.eu\/wp-content\/plugins\/elementor\/assets\/images\/placeholder.png\"},{\"@type\":\"BreadcrumbList\",\"@id\":\"https:\/\/westcar.eu\/about\/#breadcrumb\",\"itemListElement\":[{\"@type\":\"ListItem\",\"position\":1,\"name\":\"Home\",\"item\":\"https:\/\/westcar.eu\/\"},{\"@type\":\"ListItem\",\"position\":2,\"name\":\"Meist\"}]},{\"@type\":\"WebSite\",\"@id\":\"https:\/\/westcar.eu\/#website\",\"url\":\"https:\/\/westcar.eu\/\",\"name\":\"Westcar O\u00dc\",\"description\":\"\",\"publisher\":{\"@id\":\"https:\/\/westcar.eu\/#organization\"},\"potentialAction\":[{\"@type\":\"SearchAction\",\"target\":{\"@type\":\"EntryPoint\",\"urlTemplate\":\"https:\/\/westcar.eu\/?s={search_term_string}\"},\"query-input\":\"required name=search_term_string\"}],\"inLanguage\":\"en-US\"},{\"@type\":\"Organization\",\"@id\":\"https:\/\/westcar.eu\/#organization\",\"name\":\"Westcar O\u00dc\",\"url\":\"https:\/\/westcar.eu\/\",\"logo\":{\"@type\":\"ImageObject\",\"inLanguage\":\"en-US\",\"@id\":\"https:\/\/westcar.eu\/#\/schema\/logo\/image\/\",\"url\":\"https:\/\/westcar.eu\/wp-content\/uploads\/2024\/04\/cropped-logowescar2.png\",\"contentUrl\":\"https:\/\/westcar.eu\/wp-content\/uploads\/2024\/04\/cropped-logowescar2.png\",\"width\":300,\"height\":67,\"caption\":\"Westcar O\u00dc\"},\"image\":{\"@id\":\"https:\/\/westcar.eu\/#\/schema\/logo\/image\/\"},\"sameAs\":[\"https:\/\/www.facebook.com\/p\/West-Car-O-100054377117355\/?paipv=0&eav=AfbjJMCjg8zI7Ayik29Nd6ZGUqjYuOvKhpin28o4aLfLzVg9e16vihRkz8Z6nEXEd-I&_rdr\"]}]}<\/script>\n<!-- \/ Yoast SEO plugin. -->","yoast_head_json":{"title":"West Car O\u00dc - Meist","description":"West Car O\u00dc asutati 2000 a. hooldus-remondi, s\u0151idukite avariij\u00e4rgse taastus-remondi ettev\u00f5ttena.Autoavarii juhtub alati ootamatult ning kes ei tahaks, et tema auto saaks remonditud kiiresti ja kvaliteetselt. West Car O\u00dc teeb koost\u00f6\u00f6d k\u00f5ikide kindlustusseltside ja paljude autoesindustega.","robots":{"index":"index","follow":"follow","max-snippet":"max-snippet:-1","max-image-preview":"max-image-preview:large","max-video-preview":"max-video-preview:-1"},"canonical":"https:\/\/westcar.eu\/en\/about\/","og_locale":"en_US","og_type":"article","og_title":"West Car O\u00dc - Meist","og_description":"West Car O\u00dc asutati 2000 a. hooldus-remondi, s\u0151idukite avariij\u00e4rgse taastus-remondi ettev\u00f5ttena.Autoavarii juhtub alati ootamatult ning kes ei tahaks, et tema auto saaks remonditud kiiresti ja kvaliteetselt. West Car O\u00dc teeb koost\u00f6\u00f6d k\u00f5ikide kindlustusseltside ja paljude autoesindustega.","og_url":"https:\/\/westcar.eu\/en\/about\/","og_site_name":"West Car O\u00dc","article_publisher":"https:\/\/www.facebook.com\/p\/West-Car-O-100054377117355\/?paipv=0&eav=AfbjJMCjg8zI7Ayik29Nd6ZGUqjYuOvKhpin28o4aLfLzVg9e16vihRkz8Z6nEXEd-I&_rdr","article_modified_time":"2024-04-08T16:55:35+00:00","og_image":[{"url":"https:\/\/westcar.eu\/wp-content\/plugins\/elementor\/assets\/images\/placeholder.png"}],"twitter_card":"summary_large_image","twitter_misc":{"Est. reading time":"2 minutes"},"schema":{"@context":"https:\/\/schema.org","@graph":[{"@type":"WebPage","@id":"https:\/\/westcar.eu\/about\/","url":"https:\/\/westcar.eu\/about\/","name":"West Car O\u00dc - Meist","isPartOf":{"@id":"https:\/\/westcar.eu\/#website"},"primaryImageOfPage":{"@id":"https:\/\/westcar.eu\/about\/#primaryimage"},"image":{"@id":"https:\/\/westcar.eu\/about\/#primaryimage"},"thumbnailUrl":"https:\/\/westcar.eu\/wp-content\/plugins\/elementor\/assets\/images\/placeholder.png","datePublished":"2024-02-14T00:00:00+00:00","dateModified":"2024-04-08T16:55:35+00:00","description":"West Car O\u00dc asutati 2000 a. hooldus-remondi, s\u0151idukite avariij\u00e4rgse taastus-remondi ettev\u00f5ttena.Autoavarii juhtub alati ootamatult ning kes ei tahaks, et tema auto saaks remonditud kiiresti ja kvaliteetselt. West Car O\u00dc teeb koost\u00f6\u00f6d k\u00f5ikide kindlustusseltside ja paljude autoesindustega.","breadcrumb":{"@id":"https:\/\/westcar.eu\/about\/#breadcrumb"},"inLanguage":"en-US","potentialAction":[{"@type":"ReadAction","target":["https:\/\/westcar.eu\/about\/"]}]},{"@type":"ImageObject","inLanguage":"en-US","@id":"https:\/\/westcar.eu\/about\/#primaryimage","url":"https:\/\/westcar.eu\/wp-content\/plugins\/elementor\/assets\/images\/placeholder.png","contentUrl":"https:\/\/westcar.eu\/wp-content\/plugins\/elementor\/assets\/images\/placeholder.png"},{"@type":"BreadcrumbList","@id":"https:\/\/westcar.eu\/about\/#breadcrumb","itemListElement":[{"@type":"ListItem","position":1,"name":"Home","item":"https:\/\/westcar.eu\/"},{"@type":"ListItem","position":2,"name":"Meist"}]},{"@type":"WebSite","@id":"https:\/\/westcar.eu\/#website","url":"https:\/\/westcar.eu\/","name":"Westcar O\u00dc","description":"","publisher":{"@id":"https:\/\/westcar.eu\/#organization"},"potentialAction":[{"@type":"SearchAction","target":{"@type":"EntryPoint","urlTemplate":"https:\/\/westcar.eu\/?s={search_term_string}"},"query-input":"required name=search_term_string"}],"inLanguage":"en-US"},{"@type":"Organization","@id":"https:\/\/westcar.eu\/#organization","name":"Westcar O\u00dc","url":"https:\/\/westcar.eu\/","logo":{"@type":"ImageObject","inLanguage":"en-US","@id":"https:\/\/westcar.eu\/#\/schema\/logo\/image\/","url":"https:\/\/westcar.eu\/wp-content\/uploads\/2024\/04\/cropped-logowescar2.png","contentUrl":"https:\/\/westcar.eu\/wp-content\/uploads\/2024\/04\/cropped-logowescar2.png","width":300,"height":67,"caption":"Westcar O\u00dc"},"image":{"@id":"https:\/\/westcar.eu\/#\/schema\/logo\/image\/"},"sameAs":["https:\/\/www.facebook.com\/p\/West-Car-O-100054377117355\/?paipv=0&eav=AfbjJMCjg8zI7Ayik29Nd6ZGUqjYuOvKhpin28o4aLfLzVg9e16vihRkz8Z6nEXEd-I&_rdr"]}]}},"_links":{"self":[{"href":"https:\/\/westcar.eu\/en\/wp-json\/wp\/v2\/pages\/200","targetHints":{"allow":["GET"]}}],"collection":[{"href":"https:\/\/westcar.eu\/en\/wp-json\/wp\/v2\/pages"}],"about":[{"href":"https:\/\/westcar.eu\/en\/wp-json\/wp\/v2\/types\/page"}],"author":[{"embeddable":true,"href":"https:\/\/westcar.eu\/en\/wp-json\/wp\/v2\/users\/1"}],"replies":[{"embeddable":true,"href":"https:\/\/westcar.eu\/en\/wp-json\/wp\/v2\/comments?post=200"}],"version-history":[{"count":5,"href":"https:\/\/westcar.eu\/en\/wp-json\/wp\/v2\/pages\/200\/revisions"}],"predecessor-version":[{"id":478,"href":"https:\/\/westcar.eu\/en\/wp-json\/wp\/v2\/pages\/200\/revisions\/478"}],"wp:attachment":[{"href":"https:\/\/westcar.eu\/en\/wp-json\/wp\/v2\/media?parent=200"}],"curies":[{"name":"wp","href":"https:\/\/api.w.org\/{rel}","templated":true}]}}